{"id":212513,"date":"2017-05-18T12:32:16","date_gmt":"2017-05-18T12:32:16","guid":{"rendered":"https:\/\/mirtoshikingvillage.com\/accommodation-in-mirtos\/"},"modified":"2022-09-09T18:29:01","modified_gmt":"2022-09-09T18:29:01","slug":"unterkuenfte-in-mirtos","status":"publish","type":"page","link":"https:\/\/mirtoshikingvillage.com\/de\/unterkuenfte-in-mirtos\/","title":{"rendered":"Unterk\u00fcnfte in Mirtos"},"content":{"rendered":"<p>[et_pb_section fb_built=&#8220;1&#8243; custom_padding_last_edited=&#8220;on|desktop&#8220; admin_label=&#8220;section&#8220; _builder_version=&#8220;3.22&#8243; background_color=&#8220;rgba(255,255,255,0)&#8220; custom_padding=&#8220;0px|||&#8220; custom_padding_tablet=&#8220;50px|0|50px|0&#8243; custom_padding_phone=&#8220;&#8220; custom_css_main_element=&#8220;background: grey; \/* For browsers that do not support gradients *\/|| background: -webkit-linear-gradient(left, rgba(255,255,255,0.25) , rgba(137,137,137,0)); \/* For Safari 5.1 to 6.0 *\/|| background: -o-linear-gradient(right, rgba(255,255,255,0.25), rgba(137,137,137,0)); \/* For Opera 11.1 to 12.0 *\/|| background: -moz-linear-gradient(right, rgba(255,255,255,0.25), rgba(137,137,137,0)); \/* For Firefox 3.6 to 15 *\/|| background: linear-gradient(to right, rgba(255,255,255,0.25) , rgba(137,137,137,0)); \/* Standard syntax (must be last) *\/|| &#8220; transparent_background=&#8220;on&#8220; padding_mobile=&#8220;off&#8220; make_fullwidth=&#8220;off&#8220; use_custom_width=&#8220;off&#8220; width_unit=&#8220;on&#8220; global_module=&#8220;212436&#8243; global_colors_info=&#8220;{}&#8220;][et_pb_row use_custom_gutter=&#8220;on&#8220; gutter_width=&#8220;1&#8243; _builder_version=&#8220;4.16&#8243; background_size=&#8220;initial&#8220; background_position=&#8220;top_left&#8220; background_repeat=&#8220;repeat&#8220; custom_margin=&#8220;|||0px&#8220; custom_padding=&#8220;||0px|0px&#8220; make_fullwidth=&#8220;off&#8220; use_custom_width=&#8220;off&#8220; width_unit=&#8220;on&#8220; global_colors_info=&#8220;{}&#8220;][et_pb_column type=&#8220;4_4&#8243; _builder_version=&#8220;4.16&#8243; custom_padding=&#8220;|||3%&#8220; global_colors_info=&#8220;{}&#8220; custom_padding__hover=&#8220;|||&#8220;][et_pb_text admin_label=&#8220;top&#8220; _builder_version=&#8220;4.16&#8243; background_size=&#8220;initial&#8220; background_position=&#8220;top_left&#8220; background_repeat=&#8220;repeat&#8220; custom_css_main_element=&#8220;position: fixed;||top: 120px;||right: 11px;||transform: rotate(90deg);&#8220; use_border_color=&#8220;off&#8220; border_color=&#8220;#ffffff&#8220; border_style=&#8220;solid&#8220; global_colors_info=&#8220;{}&#8220;]<\/p>\n<p><span style=\"font-size: 24pt; color: #f3fcf7;\">\u2190<\/span><\/p>\n<p>[\/et_pb_text][et_pb_text admin_label=&#8220;bottom&#8220; _builder_version=&#8220;4.16&#8243; background_size=&#8220;initial&#8220; background_position=&#8220;top_left&#8220; background_repeat=&#8220;repeat&#8220; custom_css_main_element=&#8220;position: fixed;||bottom: 120px;||right: 11px;||transform: rotate(90deg);&#8220; use_border_color=&#8220;off&#8220; border_color=&#8220;#ffffff&#8220; border_style=&#8220;solid&#8220; global_colors_info=&#8220;{}&#8220;]<\/p>\n<p><span style=\"font-size: 24pt; color: #a9cb27;\">\u2192<\/span><\/p>\n<p>[\/et_pb_text][et_pb_image src=&#8220;https:\/\/www.staticdata.nl\/svg\/mirtos-wanderdorf-logo.svg&#8220; align_tablet=&#8220;center&#8220; align_last_edited=&#8220;on|desktop&#8220; _builder_version=&#8220;4.16&#8243; use_border_color=&#8220;off&#8220; border_color=&#8220;#ffffff&#8220; border_style=&#8220;solid&#8220; sticky=&#8220;off&#8220; always_center_on_mobile=&#8220;on&#8220; global_colors_info=&#8220;{}&#8220; align_phone=&#8220;center&#8220;][\/et_pb_image][\/et_pb_column][\/et_pb_row][et_pb_row use_custom_gutter=&#8220;on&#8220; gutter_width=&#8220;1&#8243; padding_mobile=&#8220;off&#8220; column_padding_mobile=&#8220;on&#8220; _builder_version=&#8220;4.16&#8243; background_size=&#8220;initial&#8220; background_position=&#8220;top_left&#8220; background_repeat=&#8220;repeat&#8220; custom_margin=&#8220;-80px|||&#8220; custom_padding=&#8220;0px||0px|&#8220; make_fullwidth=&#8220;off&#8220; use_custom_width=&#8220;off&#8220; width_unit=&#8220;on&#8220; global_colors_info=&#8220;{}&#8220;][et_pb_column type=&#8220;4_4&#8243; _builder_version=&#8220;4.16&#8243; custom_padding=&#8220;|||&#8220; global_colors_info=&#8220;{}&#8220; custom_padding__hover=&#8220;|||&#8220;][et_pb_text _builder_version=&#8220;4.16&#8243; background_size=&#8220;initial&#8220; background_position=&#8220;top_left&#8220; background_repeat=&#8220;repeat&#8220; text_orientation=&#8220;right&#8220; background_layout=&#8220;dark&#8220; custom_margin=&#8220;-20px|||&#8220; use_border_color=&#8220;off&#8220; border_color=&#8220;#ffffff&#8220; border_style=&#8220;solid&#8220; global_colors_info=&#8220;{}&#8220;]<\/p>\n<h1 style=\"text-align: right;\"><span style=\"color: rgba(229, 255, 228, 0.8); font-size: 2.5vw;\">Wandern im S\u00fcden Kretas<\/span><\/h1>\n<p>[\/et_pb_text][\/et_pb_column][\/et_pb_row][\/et_pb_section][et_pb_section fb_built=&#8220;1&#8243; use_custom_gutter=&#8220;on&#8220; gutter_width=&#8220;1&#8243; specialty=&#8220;on&#8220; parallax_method_1=&#8220;off&#8220; parallax_method_2=&#8220;off&#8220; background_color_1=&#8220;rgba(229,255,228,0.8)&#8220; background_color_2=&#8220;rgba(229,255,228,0.8)&#8220; module_class_2=&#8220;plakplaatje&#8220; admin_label=&#8220;Section&#8220; _builder_version=&#8220;4.16&#8243; background_color=&#8220;rgba(255,255,255,0)&#8220; custom_padding=&#8220;0px|||&#8220; transparent_background=&#8220;on&#8220; make_fullwidth=&#8220;off&#8220; use_custom_width=&#8220;off&#8220; width_unit=&#8220;on&#8220; global_colors_info=&#8220;{}&#8220;][et_pb_column type=&#8220;1_2&#8243; _builder_version=&#8220;4.16&#8243; custom_padding=&#8220;|||&#8220; global_colors_info=&#8220;{}&#8220; custom_padding__hover=&#8220;|||&#8220;][et_pb_post_title meta=&#8220;off&#8220; featured_image=&#8220;off&#8220; admin_label=&#8220;Post Title&#8220; _builder_version=&#8220;4.16&#8243; custom_margin=&#8220;-15px|||&#8220; custom_padding=&#8220;0px|3%||3%&#8220; use_border_color=&#8220;off&#8220; border_color=&#8220;#ffffff&#8220; border_style=&#8220;solid&#8220; parallax_effect=&#8220;off&#8220; global_colors_info=&#8220;{}&#8220;][\/et_pb_post_title][et_pb_text admin_label=&#8220;Text&#8220; _builder_version=&#8220;4.18.0&#8243; background_color=&#8220;rgba(255,255,255,0)&#8220; background_size=&#8220;initial&#8220; background_position=&#8220;top_left&#8220; background_repeat=&#8220;repeat&#8220; custom_padding=&#8220;|3%||3%&#8220; hover_enabled=&#8220;0&#8243; use_border_color=&#8220;off&#8220; border_color=&#8220;#ffffff&#8220; border_style=&#8220;solid&#8220; global_colors_info=&#8220;{}&#8220; sticky_enabled=&#8220;0&#8243;]<\/p>\n<p>Im Dorf gibt es ca. 500 Betten f\u00fcr Urlauber.<br \/>Von sehr einfachen bis Mittelklasse und luxeri\u00f6sen Unterk\u00fcnften. Genug Auswahl f\u00fcr Jeden.<\/p>\n<h3>Unsere Unterk\u00fcnfte<\/h3>\n<p>Wir empfehlen Ihnen gerne Villa Mertiza und Aleikos Panorama. Gut ausgestattete Studios und Appartments, die Ihnen die Ruhe und den Komfort bieten, die nach einem aktiven Tag n\u00f6tig sind.<\/p>\n<h3>Andere Unterk\u00fcnfte<\/h3>\n<p>Wir bieten auch etwas luxeri\u00f6sere und teurere Unterk\u00fcnfte an, z.B. die Stone House Villas.<br \/>Sie finden mehr dar\u00fcber auf www.mertiza.com<br \/>Sind Sie auf der Suche nach etwas einfacherem und preisg\u00fcnstigerem? Wir vermitteln Sie gerne weiter.<\/p>\n<p>[\/et_pb_text][et_pb_cta button_url=&#8220;https:\/\/mertiza.com\/?lang=de&#8220; button_text=&#8220;Villa Mertiza&#8220; admin_label=&#8220;walking button&#8220; _builder_version=&#8220;4.16&#8243; use_background_color=&#8220;off&#8220; background_size=&#8220;initial&#8220; background_position=&#8220;top_left&#8220; background_repeat=&#8220;repeat&#8220; custom_button=&#8220;on&#8220; button_text_color=&#8220;rgba(255,255,255,0.84)&#8220; button_bg_color=&#8220;#a9cb27&#8243; button_border_width=&#8220;3&#8243; button_border_color=&#8220;rgba(255,255,255,0.7)&#8220; button_border_radius=&#8220;8&#8243; button_icon=&#8220;&#xe08b;||divi||400&#8243; button_icon_color=&#8220;rgba(255,255,255,0)&#8220; custom_padding=&#8220;3%|3%|3%|3%&#8220; use_border_color=&#8220;off&#8220; border_color=&#8220;#ffffff&#8220; border_width=&#8220;3px&#8220; border_style=&#8220;solid&#8220; button_text_color_hover=&#8220;#a9cb27&#8243; button_border_color_hover=&#8220;#a9cb27&#8243; button_border_radius_hover=&#8220;8&#8243; button_letter_spacing_hover=&#8220;0&#8243; button_bg_color_hover=&#8220;rgba(255,255,255,0.7)&#8220; global_colors_info=&#8220;{}&#8220; button_text_size__hover_enabled=&#8220;off&#8220; button_one_text_size__hover_enabled=&#8220;off&#8220; button_two_text_size__hover_enabled=&#8220;off&#8220; button_text_color__hover_enabled=&#8220;on&#8220; button_text_color__hover=&#8220;#a9cb27&#8243; button_one_text_color__hover_enabled=&#8220;off&#8220; button_two_text_color__hover_enabled=&#8220;off&#8220; button_border_width__hover_enabled=&#8220;off&#8220; button_one_border_width__hover_enabled=&#8220;off&#8220; button_two_border_width__hover_enabled=&#8220;off&#8220; button_border_color__hover_enabled=&#8220;on&#8220; button_border_color__hover=&#8220;#a9cb27&#8243; button_one_border_color__hover_enabled=&#8220;off&#8220; button_two_border_color__hover_enabled=&#8220;off&#8220; button_border_radius__hover_enabled=&#8220;on&#8220; button_border_radius__hover=&#8220;8&#8243; button_one_border_radius__hover_enabled=&#8220;off&#8220; button_two_border_radius__hover_enabled=&#8220;off&#8220; button_letter_spacing__hover_enabled=&#8220;on&#8220; button_letter_spacing__hover=&#8220;0&#8243; button_one_letter_spacing__hover_enabled=&#8220;off&#8220; button_two_letter_spacing__hover_enabled=&#8220;off&#8220; button_bg_color__hover_enabled=&#8220;on&#8220; button_bg_color__hover=&#8220;rgba(255,255,255,0.7)&#8220; button_one_bg_color__hover_enabled=&#8220;off&#8220; button_two_bg_color__hover_enabled=&#8220;off&#8220;][\/et_pb_cta][et_pb_divider show_divider=&#8220;off&#8220; disabled_on=&#8220;|off|on&#8220; admin_label=&#8220;Divider&#8220; _builder_version=&#8220;4.16&#8243; height=&#8220;30px&#8220; hide_on_mobile=&#8220;off&#8220; global_colors_info=&#8220;{}&#8220;][\/et_pb_divider][\/et_pb_column][et_pb_column type=&#8220;1_2&#8243; specialty_columns=&#8220;2&#8243; _builder_version=&#8220;4.16&#8243; custom_padding=&#8220;|||&#8220; global_colors_info=&#8220;{}&#8220; custom_padding__hover=&#8220;|||&#8220;][et_pb_row_inner column_structure=&#8220;1_2,1_2&#8243; use_custom_gutter=&#8220;on&#8220; gutter_width=&#8220;1&#8243; admin_label=&#8220;Row&#8220; _builder_version=&#8220;4.16&#8243; custom_margin=&#8220;0px||0px|&#8220; custom_padding=&#8220;0px||0px|&#8220; global_colors_info=&#8220;{}&#8220;][et_pb_column_inner type=&#8220;1_2&#8243; saved_specialty_column_type=&#8220;1_2&#8243; _builder_version=&#8220;4.16&#8243; custom_padding=&#8220;|||&#8220; global_colors_info=&#8220;{}&#8220; custom_padding__hover=&#8220;|||&#8220;][et_pb_image src=&#8220;https:\/\/mirtoshikingvillage.com\/wp-content\/uploads\/2017\/05\/accommodaties-1.jpg&#8220; show_in_lightbox=&#8220;on&#8220; align_tablet=&#8220;center&#8220; align_phone=&#8220;&#8220; align_last_edited=&#8220;on|desktop&#8220; admin_label=&#8220;Image&#8220; _builder_version=&#8220;4.16&#8243; use_border_color=&#8220;off&#8220; border_color=&#8220;#ffffff&#8220; border_style=&#8220;solid&#8220; sticky=&#8220;off&#8220; always_center_on_mobile=&#8220;on&#8220; global_colors_info=&#8220;{}&#8220;][\/et_pb_image][\/et_pb_column_inner][et_pb_column_inner type=&#8220;1_2&#8243; saved_specialty_column_type=&#8220;1_2&#8243; _builder_version=&#8220;4.16&#8243; custom_padding=&#8220;|||&#8220; global_colors_info=&#8220;{}&#8220; custom_padding__hover=&#8220;|||&#8220;][et_pb_image src=&#8220;https:\/\/mirtoshikingvillage.com\/wp-content\/uploads\/2017\/05\/accommodaties-2.jpg&#8220; show_in_lightbox=&#8220;on&#8220; align_tablet=&#8220;center&#8220; align_phone=&#8220;&#8220; align_last_edited=&#8220;on|desktop&#8220; admin_label=&#8220;Image&#8220; _builder_version=&#8220;4.16&#8243; use_border_color=&#8220;off&#8220; border_color=&#8220;#ffffff&#8220; border_style=&#8220;solid&#8220; sticky=&#8220;off&#8220; always_center_on_mobile=&#8220;on&#8220; global_colors_info=&#8220;{}&#8220;][\/et_pb_image][\/et_pb_column_inner][\/et_pb_row_inner][et_pb_row_inner admin_label=&#8220;Row&#8220; _builder_version=&#8220;4.16&#8243; custom_margin=&#8220;0px||0px|&#8220; custom_padding=&#8220;0px||0px|&#8220; global_colors_info=&#8220;{}&#8220;][et_pb_column_inner saved_specialty_column_type=&#8220;1_2&#8243; _builder_version=&#8220;4.16&#8243; custom_padding=&#8220;0px||0px|&#8220; global_colors_info=&#8220;{}&#8220; custom_padding__hover=&#8220;|||&#8220;][et_pb_image src=&#8220;https:\/\/mirtoshikingvillage.com\/wp-content\/uploads\/2017\/05\/accommodaties-3.jpg&#8220; url=&#8220;http:\/\/www.wikiwand.com\/en\/Myrtos&#8220; url_new_window=&#8220;on&#8220; use_overlay=&#8220;on&#8220; hover_overlay_color=&#8220;rgba(169,203,39,0.4)&#8220; align_tablet=&#8220;center&#8220; align_phone=&#8220;&#8220; align_last_edited=&#8220;on|desktop&#8220; admin_label=&#8220;Image&#8220; _builder_version=&#8220;4.16&#8243; use_border_color=&#8220;off&#8220; border_color=&#8220;#ffffff&#8220; border_style=&#8220;solid&#8220; sticky=&#8220;off&#8220; always_center_on_mobile=&#8220;on&#8220; global_colors_info=&#8220;{}&#8220;][\/et_pb_image][\/et_pb_column_inner][\/et_pb_row_inner][et_pb_row_inner column_structure=&#8220;1_2,1_2&#8243; use_custom_gutter=&#8220;on&#8220; gutter_width=&#8220;1&#8243; admin_label=&#8220;Row&#8220; _builder_version=&#8220;4.16&#8243; custom_margin=&#8220;0px||0px|&#8220; custom_padding=&#8220;0px||0px|&#8220; global_colors_info=&#8220;{}&#8220;][et_pb_column_inner type=&#8220;1_2&#8243; saved_specialty_column_type=&#8220;1_2&#8243; _builder_version=&#8220;4.16&#8243; custom_padding=&#8220;|||&#8220; global_colors_info=&#8220;{}&#8220; custom_padding__hover=&#8220;|||&#8220;][et_pb_image src=&#8220;https:\/\/mirtoshikingvillage.com\/wp-content\/uploads\/2017\/05\/accommodaties-4.jpg&#8220; show_in_lightbox=&#8220;on&#8220; align_tablet=&#8220;center&#8220; align_phone=&#8220;&#8220; align_last_edited=&#8220;on|desktop&#8220; admin_label=&#8220;Image&#8220; _builder_version=&#8220;4.16&#8243; use_border_color=&#8220;off&#8220; border_color=&#8220;#ffffff&#8220; border_style=&#8220;solid&#8220; sticky=&#8220;off&#8220; always_center_on_mobile=&#8220;on&#8220; global_colors_info=&#8220;{}&#8220;][\/et_pb_image][\/et_pb_column_inner][et_pb_column_inner type=&#8220;1_2&#8243; saved_specialty_column_type=&#8220;1_2&#8243; _builder_version=&#8220;4.16&#8243; custom_padding=&#8220;|||&#8220; global_colors_info=&#8220;{}&#8220; custom_padding__hover=&#8220;|||&#8220;][et_pb_image src=&#8220;https:\/\/mirtoshikingvillage.com\/wp-content\/uploads\/2017\/05\/accommodaties-5.jpg&#8220; show_in_lightbox=&#8220;on&#8220; align_tablet=&#8220;center&#8220; align_phone=&#8220;&#8220; align_last_edited=&#8220;on|desktop&#8220; admin_label=&#8220;Image&#8220; _builder_version=&#8220;4.16&#8243; use_border_color=&#8220;off&#8220; border_color=&#8220;#ffffff&#8220; border_style=&#8220;solid&#8220; sticky=&#8220;off&#8220; always_center_on_mobile=&#8220;on&#8220; global_colors_info=&#8220;{}&#8220;][\/et_pb_image][\/et_pb_column_inner][\/et_pb_row_inner][\/et_pb_column][\/et_pb_section][et_pb_section fb_built=&#8220;1&#8243; custom_padding_last_edited=&#8220;on|desktop&#8220; admin_label=&#8220;Section&#8220; _builder_version=&#8220;3.22&#8243; background_color=&#8220;rgba(255,255,255,0)&#8220; custom_padding=&#8220;0px||0px|&#8220; custom_padding_tablet=&#8220;50px|0|50px|0&#8243; custom_padding_phone=&#8220;&#8220; custom_css_main_element=&#8220;margin-bottom: -10px;&#8220; transparent_background=&#8220;on&#8220; make_fullwidth=&#8220;off&#8220; use_custom_width=&#8220;off&#8220; width_unit=&#8220;on&#8220; global_module=&#8220;212618&#8243; global_colors_info=&#8220;{}&#8220;][et_pb_row use_custom_gutter=&#8220;on&#8220; gutter_width=&#8220;1&#8243; module_class=&#8220; et_pb_row_fullwidth&#8220; _builder_version=&#8220;4.16&#8243; background_color=&#8220;rgba(0,0,0,0)&#8220; background_size=&#8220;initial&#8220; background_position=&#8220;top_left&#8220; background_repeat=&#8220;repeat&#8220; width=&#8220;100%&#8220; width_tablet=&#8220;100%&#8220; width_phone=&#8220;&#8220; width_last_edited=&#8220;on|desktop&#8220; max_width=&#8220;100%&#8220; max_width_tablet=&#8220;100%&#8220; max_width_phone=&#8220;&#8220; max_width_last_edited=&#8220;on|desktop&#8220; custom_margin=&#8220;0px||-20px|&#8220; custom_padding=&#8220;0px||0px|&#8220; custom_css_main_element=&#8220;position: fixed;|| bottom: 0;|| left: 0;|| width: 100%;||z-index: 999999;&#8220; make_fullwidth=&#8220;on&#8220; use_custom_width=&#8220;off&#8220; width_unit=&#8220;on&#8220; global_colors_info=&#8220;{}&#8220;][et_pb_column type=&#8220;4_4&#8243; _builder_version=&#8220;4.16&#8243; custom_padding=&#8220;0px||0px|&#8220; global_colors_info=&#8220;{}&#8220; custom_padding__hover=&#8220;|||&#8220;][et_pb_divider show_divider=&#8220;off&#8220; disabled_on=&#8220;on|on|off&#8220; _builder_version=&#8220;4.16&#8243; height=&#8220;40px&#8220; hide_on_mobile=&#8220;on&#8220; global_colors_info=&#8220;{}&#8220;][\/et_pb_divider][et_pb_toggle title=&#8220;\u2192&#8220; closed_toggle_background_color=&#8220;rgba(0,0,0,0)&#8220; _builder_version=&#8220;4.16&#8243; title_font=&#8220;Cherry Cream Soda|on|||&#8220; title_font_size=&#8220;30&#8243; background_size=&#8220;initial&#8220; background_position=&#8220;top_left&#8220; background_repeat=&#8220;repeat&#8220; custom_padding=&#8220;0px||30px|&#8220; custom_css_main_element=&#8220;min-width: 100%;&#8220; custom_css_open_toggle=&#8220;background: grey; \/* For browsers that do not support gradients *\/|| background: -webkit-linear-gradient(left, rgba(255,255,255,1) , rgba(137,137,137,0)); \/* For Safari 5.1 to 6.0 *\/|| background: -o-linear-gradient(left, rgba(255,255,255,1), rgba(137,137,137,0)); \/* For Opera 11.1 to 12.0 *\/|| background: -moz-linear-gradient(left, rgba(255,255,255,1), rgba(137,137,137,0)); \/* For Firefox 3.6 to 15 *\/|| background: linear-gradient(to left, rgba(255,255,255,1) , rgba(137,137,137,0)); \/* Standard syntax (must be last) *\/&#8220; custom_css_toggle_title=&#8220;text-shadow: none;||max-width: 60px;&#8220; custom_css_toggle_icon=&#8220;display: none;&#8220; custom_css_toggle_content=&#8220;margin-top: -58px;&#8220; border_width_all=&#8220;0px&#8220; border_color_all=&#8220;#ffffff&#8220; border_style_all=&#8220;solid&#8220; use_border_color=&#8220;on&#8220; border_color=&#8220;#ffffff&#8220; border_width=&#8220;0px&#8220; border_style=&#8220;solid&#8220; global_colors_info=&#8220;{}&#8220;]<\/p>\n<p style=\"text-align: right;\"><span style=\"font-size: 10pt;\">Konstruktion und Wartung <a href=\"https:\/\/www.cybershrimp.com\/heartbeat-website-monitor\/\"><img loading=\"lazy\" decoding=\"async\" class=\"jurlogo pulse\" title=\"Heartbeat Control\" src=\"https:\/\/mirtoshikingvillage.com\/wp-content\/uploads\/2017\/05\/cybershrimpmini.png\" alt=\"cybershrimpmini\" width=\"16\" height=\"16\" \/><\/a><span style=\"color: #fda268;\"><a style=\"color: #fda268;\" title=\"\u03b9\u03c3\u03c4\u03bf\u03c3\u03b5\u03bb\u03af\u03b4\u03b5\u03c2 \u03b3\u03b9\u03b1 \u03c4\u03bf\u03c5\u03c2 \u03b1\u03bd\u03b8\u03c1\u03ce\u03c0\u03bf\u03c5\u03c2\" href=\"https:\/\/www.cybershrimp.gr\/\"> Cyber Shrimp<\/a><\/span>\u00a0\u00a9 Urheberrecht 2017\u00a0<img loading=\"lazy\" decoding=\"async\" class=\"jurlogo alignnone size-full\" src=\"https:\/\/www.staticdata.nl\/svg\/mountain-shoe-boot.svg\" alt=\"mirtos-hiking-village-walking-boot\" width=\"20\" height=\"20\" \/>\u00a0<a href=\"https:\/\/mirtoshikingvillage.com\/de\/\">Mirtos Wanderdorf<\/a><\/span><\/p>\n<p>[\/et_pb_toggle][\/et_pb_column][\/et_pb_row][\/et_pb_section]<\/p>\n","protected":false},"excerpt":{"rendered":"<p>Wir empfehlen Ihnen gerne Villa Mertiza und Aleikos Panorama. Gut ausgestattete Studios und Appartments, die Ihnen die Ruhe und den Komfort bieten.<\/p>\n","protected":false},"author":2,"featured_media":0,"parent":0,"menu_order":0,"comment_status":"closed","ping_status":"closed","template":"","meta":{"_et_pb_use_builder":"on","_et_pb_old_content":"","_et_gb_content_width":"","footnotes":""},"class_list":["post-212513","page","type-page","status-publish","hentry"],"_links":{"self":[{"href":"https:\/\/mirtoshikingvillage.com\/de\/wp-json\/wp\/v2\/pages\/212513","targetHints":{"allow":["GET"]}}],"collection":[{"href":"https:\/\/mirtoshikingvillage.com\/de\/wp-json\/wp\/v2\/pages"}],"about":[{"href":"https:\/\/mirtoshikingvillage.com\/de\/wp-json\/wp\/v2\/types\/page"}],"author":[{"embeddable":true,"href":"https:\/\/mirtoshikingvillage.com\/de\/wp-json\/wp\/v2\/users\/2"}],"replies":[{"embeddable":true,"href":"https:\/\/mirtoshikingvillage.com\/de\/wp-json\/wp\/v2\/comments?post=212513"}],"version-history":[{"count":0,"href":"https:\/\/mirtoshikingvillage.com\/de\/wp-json\/wp\/v2\/pages\/212513\/revisions"}],"wp:attachment":[{"href":"https:\/\/mirtoshikingvillage.com\/de\/wp-json\/wp\/v2\/media?parent=212513"}],"curies":[{"name":"wp","href":"https:\/\/api.w.org\/{rel}","templated":true}]}}