{"id":212448,"date":"2017-05-14T13:01:41","date_gmt":"2017-05-14T13:01:41","guid":{"rendered":"https:\/\/mirtoshikingvillage.com\/hiking-with-the-booklet\/"},"modified":"2021-10-10T10:37:04","modified_gmt":"2021-10-10T10:37:04","slug":"wandern-mit-dem-buechlein","status":"publish","type":"page","link":"https:\/\/mirtoshikingvillage.com\/de\/wandern-mit-dem-buechlein\/","title":{"rendered":"Wandern &#8211; mit dem B\u00fcchlein"},"content":{"rendered":"<p>[et_pb_section fb_built=&#8220;1&#8243; custom_padding_last_edited=&#8220;on|desktop&#8220; admin_label=&#8220;section&#8220; _builder_version=&#8220;3.22&#8243; background_color=&#8220;rgba(255,255,255,0)&#8220; custom_padding=&#8220;0px|||&#8220; custom_padding_tablet=&#8220;50px|0|50px|0&#8243; custom_padding_phone=&#8220;&#8220; custom_css_main_element=&#8220;background: grey; \/* For browsers that do not support gradients *\/|| background: -webkit-linear-gradient(left, rgba(255,255,255,0.25) , rgba(137,137,137,0)); \/* For Safari 5.1 to 6.0 *\/|| background: -o-linear-gradient(right, rgba(255,255,255,0.25), rgba(137,137,137,0)); \/* For Opera 11.1 to 12.0 *\/|| background: -moz-linear-gradient(right, rgba(255,255,255,0.25), rgba(137,137,137,0)); \/* For Firefox 3.6 to 15 *\/|| background: linear-gradient(to right, rgba(255,255,255,0.25) , rgba(137,137,137,0)); \/* Standard syntax (must be last) *\/|| &#8220; transparent_background=&#8220;on&#8220; padding_mobile=&#8220;off&#8220; make_fullwidth=&#8220;off&#8220; use_custom_width=&#8220;off&#8220; width_unit=&#8220;on&#8220; global_module=&#8220;212436&#8243; global_colors_info=&#8220;{}&#8220;][et_pb_row use_custom_gutter=&#8220;on&#8220; gutter_width=&#8220;1&#8243; _builder_version=&#8220;3.25&#8243; background_size=&#8220;initial&#8220; background_position=&#8220;top_left&#8220; background_repeat=&#8220;repeat&#8220; custom_margin=&#8220;|||0px&#8220; custom_padding=&#8220;||0px|0px&#8220; make_fullwidth=&#8220;off&#8220; use_custom_width=&#8220;off&#8220; width_unit=&#8220;on&#8220; global_colors_info=&#8220;{}&#8220;][et_pb_column type=&#8220;4_4&#8243; _builder_version=&#8220;3.25&#8243; custom_padding=&#8220;|||3%&#8220; global_colors_info=&#8220;{}&#8220; custom_padding__hover=&#8220;|||&#8220;][et_pb_text admin_label=&#8220;top&#8220; _builder_version=&#8220;3.27.4&#8243; background_size=&#8220;initial&#8220; background_position=&#8220;top_left&#8220; background_repeat=&#8220;repeat&#8220; custom_css_main_element=&#8220;position: fixed;||top: 120px;||right: 11px;||transform: rotate(90deg);&#8220; use_border_color=&#8220;off&#8220; border_color=&#8220;#ffffff&#8220; border_style=&#8220;solid&#8220; global_colors_info=&#8220;{}&#8220;]<\/p>\n<p><span style=\"font-size: 24pt; color: #f3fcf7;\">\u2190<\/span><\/p>\n<p>[\/et_pb_text][et_pb_text admin_label=&#8220;bottom&#8220; _builder_version=&#8220;3.27.4&#8243; background_size=&#8220;initial&#8220; background_position=&#8220;top_left&#8220; background_repeat=&#8220;repeat&#8220; custom_css_main_element=&#8220;position: fixed;||bottom: 120px;||right: 11px;||transform: rotate(90deg);&#8220; use_border_color=&#8220;off&#8220; border_color=&#8220;#ffffff&#8220; border_style=&#8220;solid&#8220; global_colors_info=&#8220;{}&#8220;]<\/p>\n<p><span style=\"font-size: 24pt; color: #a9cb27;\">\u2192<\/span><\/p>\n<p>[\/et_pb_text][et_pb_image src=&#8220;https:\/\/www.staticdata.nl\/svg\/mirtos-wanderdorf-logo.svg&#8220; align_tablet=&#8220;center&#8220; align_last_edited=&#8220;on|desktop&#8220; _builder_version=&#8220;3.23&#8243; use_border_color=&#8220;off&#8220; border_color=&#8220;#ffffff&#8220; border_style=&#8220;solid&#8220; sticky=&#8220;off&#8220; always_center_on_mobile=&#8220;on&#8220; global_colors_info=&#8220;{}&#8220;][\/et_pb_image][\/et_pb_column][\/et_pb_row][et_pb_row use_custom_gutter=&#8220;on&#8220; gutter_width=&#8220;1&#8243; padding_mobile=&#8220;off&#8220; column_padding_mobile=&#8220;on&#8220; _builder_version=&#8220;3.25&#8243; background_size=&#8220;initial&#8220; background_position=&#8220;top_left&#8220; background_repeat=&#8220;repeat&#8220; custom_margin=&#8220;-80px|||&#8220; custom_padding=&#8220;0px||0px|&#8220; make_fullwidth=&#8220;off&#8220; use_custom_width=&#8220;off&#8220; width_unit=&#8220;on&#8220; global_colors_info=&#8220;{}&#8220;][et_pb_column type=&#8220;4_4&#8243; _builder_version=&#8220;3.25&#8243; custom_padding=&#8220;|||&#8220; global_colors_info=&#8220;{}&#8220; custom_padding__hover=&#8220;|||&#8220;][et_pb_text _builder_version=&#8220;3.27.4&#8243; background_size=&#8220;initial&#8220; background_position=&#8220;top_left&#8220; background_repeat=&#8220;repeat&#8220; text_orientation=&#8220;right&#8220; background_layout=&#8220;dark&#8220; custom_margin=&#8220;-20px|||&#8220; use_border_color=&#8220;off&#8220; border_color=&#8220;#ffffff&#8220; border_style=&#8220;solid&#8220; global_colors_info=&#8220;{}&#8220;]<\/p>\n<h1 style=\"text-align: right;\"><span style=\"color: rgba(229, 255, 228, 0.8); font-size: 2.5vw;\">Wandern im S\u00fcden Kretas<\/span><\/h1>\n<p>[\/et_pb_text][\/et_pb_column][\/et_pb_row][\/et_pb_section][et_pb_section fb_built=&#8220;1&#8243; use_custom_gutter=&#8220;on&#8220; gutter_width=&#8220;1&#8243; specialty=&#8220;on&#8220; parallax_method_1=&#8220;off&#8220; parallax_method_2=&#8220;off&#8220; background_color_1=&#8220;rgba(229,255,228,0.8)&#8220; background_color_2=&#8220;rgba(229,255,228,0.8)&#8220; padding_right_1=&#8220;0px&#8220; padding_right_2=&#8220;0px&#8220; padding_bottom_1=&#8220;0px&#8220; padding_bottom_2=&#8220;0px&#8220; padding_left_1=&#8220;0px&#8220; padding_left_2=&#8220;0px&#8220; module_class_2=&#8220;plakplaatje&#8220; _builder_version=&#8220;3.22&#8243; background_color=&#8220;rgba(255,255,255,0)&#8220; custom_padding=&#8220;0px|0px|0px|0px&#8220; transparent_background=&#8220;on&#8220; make_fullwidth=&#8220;off&#8220; use_custom_width=&#8220;off&#8220; width_unit=&#8220;on&#8220; global_colors_info=&#8220;{}&#8220;][et_pb_column type=&#8220;1_2&#8243; _builder_version=&#8220;3.25&#8243; custom_padding=&#8220;|||&#8220; global_colors_info=&#8220;{}&#8220; custom_padding__hover=&#8220;|||&#8220;][et_pb_post_title meta=&#8220;off&#8220; featured_image=&#8220;off&#8220; _builder_version=&#8220;3.0.87&#8243; custom_margin=&#8220;-15px|||&#8220; custom_padding=&#8220;0px|3%||3%&#8220; use_border_color=&#8220;off&#8220; border_color=&#8220;#ffffff&#8220; border_style=&#8220;solid&#8220; parallax_effect=&#8220;off&#8220; global_colors_info=&#8220;{}&#8220;][\/et_pb_post_title][et_pb_text _builder_version=&#8220;3.27.4&#8243; background_color=&#8220;rgba(255,255,255,0)&#8220; background_size=&#8220;initial&#8220; background_position=&#8220;top_left&#8220; background_repeat=&#8220;repeat&#8220; custom_padding=&#8220;|3%||3%&#8220; use_border_color=&#8220;off&#8220; border_color=&#8220;#ffffff&#8220; border_style=&#8220;solid&#8220; global_colors_info=&#8220;{}&#8220;]<span style=\"font-family: krist; font-size: 12pt;\">Acht Wanderungen in der Umgebung von Mirtos<\/span><\/p>\n<p>Fernsicht, Ausblicke, alte Bergd\u00f6rfer, minoische Ausgrabungen, eine Schlucht, das und noch viel mehr bietet die direkte Umgebung von Mirtos. Auf sieben markierten Wanderungen die auch beschrieben sind und mit Karte dazu, entdecken Sie ein einzigartiges St\u00fcck von Kreta.<br \/>\n[\/et_pb_text][et_pb_accordion open_toggle_background_color=&#8220;rgba(255,255,255,0.7)&#8220; closed_toggle_background_color=&#8220;rgba(255,255,255,0.5)&#8220; _builder_version=&#8220;3.17.2&#8243; toggle_text_color=&#8220;#a9cb27&#8243; toggle_font_size=&#8220;14&#8243; custom_padding=&#8220;0px|0px|0px|0px&#8220; custom_css_toggle_title=&#8220;font-variant-caps: small-caps;&#8220; border_width_all=&#8220;0px&#8220; border_color_all=&#8220;#ffffff&#8220; use_border_color=&#8220;on&#8220; global_colors_info=&#8220;{}&#8220;][et_pb_accordion_item title=&#8220;Wanderung 1: Kolektos, der Koloss&#8220; open=&#8220;on&#8220; _builder_version=&#8220;3.0.47&#8243; global_colors_info=&#8220;{}&#8220;]An der Westseite des Dorfes liegt ein kegelf\u00f6rmiger Berg, der Kolektos. Dieser steile Berg ist schwierig zu erklimmen, aber an seinem Fuss zieht sich ein Weg entlang der von den Sch\u00e4fern gemacht wurde.<br \/>\nEine ideale Wanderung zum Kennenlernen der Umgebung.<br \/>\n[\/et_pb_accordion_item][et_pb_accordion_item title=&#8220;Wanderung 2: Entlang der K\u00fcste in die Berge&#8220; _builder_version=&#8220;3.0.47&#8243; global_colors_info=&#8220;{}&#8220; open=&#8220;off&#8220;]Eine Wanderung der teils schroffen K\u00fcste entlang. Dann geht es bergauf in das Hinterland. Der R\u00fcckweg bietet fantastische Aussichtenauf das lybische Meer und das Tal von Mirtos.<br \/>\n[\/et_pb_accordion_item][et_pb_accordion_item title=&#8220; Wanderung 3: T\u00e4ler und Ausblicke&#8220; _builder_version=&#8220;3.0.47&#8243; global_colors_info=&#8220;{}&#8220; open=&#8220;off&#8220;]Die l\u00e4ngste Wanderung unseres Angebotes f\u00fchrt Sie in ein Berdorf\u00b8durch T\u00e4ler und Olivenhainen und weiter durch teils unkultiviertes Land in das K\u00fcstendorf Tertsa. Ab dort geht es als sch\u00f6ner Kontrast weiter der K\u00fcste entlang.<br \/>\n[\/et_pb_accordion_item][et_pb_accordion_item title=&#8220;Wanderung 4: Wo die Zeit zeitlos ist&#8220; _builder_version=&#8220;3.0.47&#8243; global_colors_info=&#8220;{}&#8220; open=&#8220;off&#8220;]Mirtos wird von einigen Bergd\u00f6rfern umringt, jedes mit seinem ganz eigenen Charakter. Eins davon ist<br \/>\nMournies, ein Dorf mit noch vielen alten, weiss gekalkten H\u00e4usern und einem traditionellen Kafeneion.<br \/>\nBei einem Getr\u00e4nk auf der Terasse geniesst man die Aussicht auf das Tal von Mirtos.<br \/>\n[\/et_pb_accordion_item][et_pb_accordion_item title=&#8220;Wanderung 5: Unter der Platane&#8220; _builder_version=&#8220;3.0.47&#8243; global_colors_info=&#8220;{}&#8220; open=&#8220;off&#8220;]Ein weiteres Bergdorf ist Mithi. Die Wanderung f\u00fchrt durch das langgestreckte Tal von Mirtos vorbei an der alten Br\u00fccke aus der T\u00fcrkenzeit.Mithi ist ein sehr fruchtbares, gr\u00fcnes Dorf das in den letzten Jahren sehr sch\u00f6n renoviert wurde. Geniessen Sie die Rast am Dorfplatz unter der Jahrhunderte alten Platane.<br \/>\n[\/et_pb_accordion_item][et_pb_accordion_item title=&#8220;Wanderung 6: Die Kletterschlucht&#8220; _builder_version=&#8220;3.0.47&#8243; global_colors_info=&#8220;{}&#8220; open=&#8220;off&#8220;]Die Sarakina Schlucht bietet ein sportliches Abenteuer, wo man \u00fcber Felsen klettert und je nach Saison auch durch Wasserbecken waten muss. Es gibt zwei M\u00f6glichkeiten: entweder mit dem Auto bis zum Eingang der Schlucht fahren oder in Kombination mit einem Teil der Wanderung 5.<br \/>\n[\/et_pb_accordion_item][et_pb_accordion_item title=&#8220;Wanderung 7: Auf den Spuren der Minoer&#8220; _builder_version=&#8220;3.0.47&#8243; global_colors_info=&#8220;{}&#8220; open=&#8220;off&#8220;]\u00d6stlich von Mirtos liegen zwei Minoische Ausgrabungst\u00e4tten, die H\u00fcgel Pirgos und Fourno Korfi.<br \/>\nInteressant, weil sie den heutigen Menschen mit der \u00e4ltesten Hochkultur von Europa in Kontakt bringen.<br \/>\n[\/et_pb_accordion_item][et_pb_accordion_item title=&#8220;Wanderung 8: Der minoische Weg&#8220; _builder_version=&#8220;3.0.47&#8243; global_colors_info=&#8220;{}&#8220; open=&#8220;off&#8220;]Der sogenannte &#8222;Minoan path&#8220;, hat eigentlich nichts mit den Minoern zu tun, es ist ein alter Pfad der die Hirtensiedlung Karidi in den Bergen mit dem Dorf Mithi seit jeher verbunden hat. Seit ein paar Jahren ist er auf Initiative des B\u00fcrgermeisters des Dorfes wieder begehbar gemacht worden und bekam seinen jetzigen Namen. Eine sch\u00f6ne Rundwanderung mit tollen Ausblicken.<br \/>\n[\/et_pb_accordion_item][\/et_pb_accordion][et_pb_text _builder_version=&#8220;3.27.4&#8243; background_size=&#8220;initial&#8220; background_position=&#8220;top_left&#8220; background_repeat=&#8220;repeat&#8220; custom_padding=&#8220;3%|3%|3%|3%&#8220; use_border_color=&#8220;off&#8220; global_colors_info=&#8220;{}&#8220;]Das B\u00fcchlein ist eine Zusammenarbeit von Angela Sturmayr (Walking Dimension) mit Berend Wolffenbuttel und Toine van der Meijden (Discover on Foot).<\/p>\n<p>Sie finden es in einigen der \u00f6rtlichen Gesch\u00e4fte (Sunbudget, I love Mirtos, Soul&#8217;s Art) oder in Ihrer Unterkunft.<\/p>\n<p>Entdecke Mirtos&#8230; zu Fuss<br \/>\nISBN 978-618-83676-1-6<br \/>\nPreis: \u20ac8.50<br \/>\n[\/et_pb_text][et_pb_cta button_url=&#8220;http:\/\/discoveronfoot.com\/home\/&#8220; button_text=&#8220;DISCOVER&#8230; ON FOOT&#8220; admin_label=&#8220;walking button&#8220; _builder_version=&#8220;3.16&#8243; use_background_color=&#8220;off&#8220; background_size=&#8220;initial&#8220; background_position=&#8220;top_left&#8220; background_repeat=&#8220;repeat&#8220; custom_button=&#8220;on&#8220; button_bg_color=&#8220;#a9cb27&#8243; button_border_width=&#8220;3&#8243; button_border_color=&#8220;rgba(255,255,255,0.7)&#8220; button_border_radius=&#8220;8&#8243; button_icon=&#8220;%%259%%&#8220; button_icon_color=&#8220;rgba(255,255,255,0)&#8220; custom_padding=&#8220;|3%||3%&#8220; use_border_color=&#8220;off&#8220; border_color=&#8220;#ffffff&#8220; border_style=&#8220;solid&#8220; button_text_color_hover=&#8220;#a9cb27&#8243; button_border_color_hover=&#8220;#a9cb27&#8243; button_border_radius_hover=&#8220;8&#8243; button_letter_spacing_hover=&#8220;0&#8243; button_bg_color_hover=&#8220;rgba(255,255,255,0.7)&#8220; saved_tabs=&#8220;all&#8220; global_colors_info=&#8220;{}&#8220; button_text_size__hover_enabled=&#8220;off&#8220; button_text_size__hover=&#8220;null&#8220; button_one_text_size__hover_enabled=&#8220;off&#8220; button_one_text_size__hover=&#8220;null&#8220; button_two_text_size__hover_enabled=&#8220;off&#8220; button_two_text_size__hover=&#8220;null&#8220; button_text_color__hover_enabled=&#8220;on&#8220; button_text_color__hover=&#8220;#a9cb27&#8243; button_one_text_color__hover_enabled=&#8220;off&#8220; button_one_text_color__hover=&#8220;null&#8220; button_two_text_color__hover_enabled=&#8220;off&#8220; button_two_text_color__hover=&#8220;null&#8220; button_border_width__hover_enabled=&#8220;off&#8220; button_border_width__hover=&#8220;null&#8220; button_one_border_width__hover_enabled=&#8220;off&#8220; button_one_border_width__hover=&#8220;null&#8220; button_two_border_width__hover_enabled=&#8220;off&#8220; button_two_border_width__hover=&#8220;null&#8220; button_border_color__hover_enabled=&#8220;on&#8220; button_border_color__hover=&#8220;#a9cb27&#8243; button_one_border_color__hover_enabled=&#8220;off&#8220; button_one_border_color__hover=&#8220;null&#8220; button_two_border_color__hover_enabled=&#8220;off&#8220; button_two_border_color__hover=&#8220;null&#8220; button_border_radius__hover_enabled=&#8220;on&#8220; button_border_radius__hover=&#8220;8&#8243; button_one_border_radius__hover_enabled=&#8220;off&#8220; button_one_border_radius__hover=&#8220;null&#8220; button_two_border_radius__hover_enabled=&#8220;off&#8220; button_two_border_radius__hover=&#8220;null&#8220; button_letter_spacing__hover_enabled=&#8220;on&#8220; button_letter_spacing__hover=&#8220;0&#8243; button_one_letter_spacing__hover_enabled=&#8220;off&#8220; button_one_letter_spacing__hover=&#8220;null&#8220; button_two_letter_spacing__hover_enabled=&#8220;off&#8220; button_two_letter_spacing__hover=&#8220;null&#8220; button_bg_color__hover_enabled=&#8220;on&#8220; button_bg_color__hover=&#8220;rgba(255,255,255,0.7)&#8220; button_one_bg_color__hover_enabled=&#8220;off&#8220; button_one_bg_color__hover=&#8220;null&#8220; button_two_bg_color__hover_enabled=&#8220;off&#8220; button_two_bg_color__hover=&#8220;null&#8220;][\/et_pb_cta][et_pb_divider show_divider=&#8220;off&#8220; disabled_on=&#8220;|off|off&#8220; _builder_version=&#8220;3.23.4&#8243; background_size=&#8220;initial&#8220; background_position=&#8220;top_left&#8220; background_repeat=&#8220;repeat&#8220; height=&#8220;30px&#8220; hide_on_mobile=&#8220;off&#8220; global_colors_info=&#8220;{}&#8220;][\/et_pb_divider][et_pb_text admin_label=&#8220;walking tips&#8220; _builder_version=&#8220;3.27.4&#8243; background_color=&#8220;rgba(255,255,255,0.25)&#8220; background_size=&#8220;initial&#8220; background_position=&#8220;top_left&#8220; background_repeat=&#8220;repeat&#8220; custom_margin=&#8220;3%|3%|3%|3%&#8220; custom_padding=&#8220;3%|3%|3%|3%&#8220; border_width_all=&#8220;3px&#8220; border_color_all=&#8220;#ffffff&#8220; border_style_all=&#8220;solid&#8220; use_border_color=&#8220;on&#8220; border_color=&#8220;#ffffff&#8220; border_width=&#8220;3px&#8220; border_style=&#8220;solid&#8220; global_colors_info=&#8220;{}&#8220;]<\/p>\n<h4>Wandertipps<\/h4>\n<p>In den heissen Sommermonaten sollten Sie die Touren nur fr\u00fch morgens oder am sp\u00e4ten Nachmittag machen.<br \/>\nSorgen Sie daf\u00fcr dass Sie immer ausreichend Wasser mitnehmen, weiters Proviant und ihr Handy.<br \/>\nSonnenschutz ist im Sommer sehr wichtig!<br \/>\nFalls Sie planen alleine eine Tour zu machen informieren Sie einen Reisepartner oder den Besitzer Ihrer Unterkunft wohin Sie gehen wollen.<br \/>\n[\/et_pb_text][et_pb_divider show_divider=&#8220;off&#8220; disabled_on=&#8220;|off|on&#8220; _builder_version=&#8220;3.23.4&#8243; background_size=&#8220;initial&#8220; background_position=&#8220;top_left&#8220; background_repeat=&#8220;repeat&#8220; height=&#8220;30px&#8220; hide_on_mobile=&#8220;off&#8220; global_colors_info=&#8220;{}&#8220;][\/et_pb_divider][\/et_pb_column][et_pb_column type=&#8220;1_2&#8243; specialty_columns=&#8220;2&#8243; _builder_version=&#8220;3.25&#8243; custom_padding=&#8220;|||&#8220; global_colors_info=&#8220;{}&#8220; custom_padding__hover=&#8220;|||&#8220;][et_pb_row_inner use_custom_gutter=&#8220;on&#8220; gutter_width=&#8220;1&#8243; admin_label=&#8220;Row&#8220; _builder_version=&#8220;3.25&#8243; custom_margin=&#8220;0px||0px|&#8220; custom_padding=&#8220;0px||0px|&#8220; global_colors_info=&#8220;{}&#8220;][et_pb_column_inner saved_specialty_column_type=&#8220;1_2&#8243; _builder_version=&#8220;3.25&#8243; custom_padding=&#8220;|||&#8220; global_colors_info=&#8220;{}&#8220; custom_padding__hover=&#8220;|||&#8220;][et_pb_gallery gallery_ids=&#8220;332,279,213685,283,287,280,284,285,286,288,289&#8243; posts_number=&#8220;6&#8243; show_title_and_caption=&#8220;off&#8220; show_pagination=&#8220;off&#8220; hover_overlay_color=&#8220;rgba(169,203,39,0.4)&#8220; disabled_on=&#8220;off|off|off&#8220; _builder_version=&#8220;3.21&#8243; use_border_color=&#8220;off&#8220; global_colors_info=&#8220;{}&#8220;][\/et_pb_gallery][\/et_pb_column_inner][\/et_pb_row_inner][\/et_pb_column][\/et_pb_section][et_pb_section fb_built=&#8220;1&#8243; _builder_version=&#8220;3.22&#8243; background_color=&#8220;rgba(255,255,255,0)&#8220; transparent_background=&#8220;on&#8220; global_colors_info=&#8220;{}&#8220;][et_pb_row _builder_version=&#8220;4.11.2&#8243; background_size=&#8220;initial&#8220; background_position=&#8220;top_left&#8220; background_repeat=&#8220;repeat&#8220; hover_enabled=&#8220;0&#8243; global_colors_info=&#8220;{}&#8220; sticky_enabled=&#8220;0&#8243;][et_pb_column type=&#8220;4_4&#8243; _builder_version=&#8220;3.25&#8243; custom_padding=&#8220;|||&#8220; global_colors_info=&#8220;{}&#8220; custom_padding__hover=&#8220;|||&#8220;][\/et_pb_column][\/et_pb_row][\/et_pb_section]<\/p>\n","protected":false},"excerpt":{"rendered":"<p>\u2190\u2192Wandern im S\u00fcden KretasAcht Wanderungen in der Umgebung von Mirtos Fernsicht, Ausblicke, alte Bergd\u00f6rfer, minoische Ausgrabungen, eine Schlucht, das und noch viel mehr bietet die direkte Umgebung von Mirtos. Auf sieben markierten Wanderungen die auch beschrieben sind und mit Karte dazu, entdecken Sie ein einzigartiges St\u00fcck von Kreta. An der Westseite des Dorfes liegt ein [&hellip;]<\/p>\n","protected":false},"author":2,"featured_media":0,"parent":0,"menu_order":0,"comment_status":"closed","ping_status":"closed","template":"","meta":{"_et_pb_use_builder":"on","_et_pb_old_content":"","_et_gb_content_width":"","footnotes":""},"class_list":["post-212448","page","type-page","status-publish","hentry"],"_links":{"self":[{"href":"https:\/\/mirtoshikingvillage.com\/de\/wp-json\/wp\/v2\/pages\/212448","targetHints":{"allow":["GET"]}}],"collection":[{"href":"https:\/\/mirtoshikingvillage.com\/de\/wp-json\/wp\/v2\/pages"}],"about":[{"href":"https:\/\/mirtoshikingvillage.com\/de\/wp-json\/wp\/v2\/types\/page"}],"author":[{"embeddable":true,"href":"https:\/\/mirtoshikingvillage.com\/de\/wp-json\/wp\/v2\/users\/2"}],"replies":[{"embeddable":true,"href":"https:\/\/mirtoshikingvillage.com\/de\/wp-json\/wp\/v2\/comments?post=212448"}],"version-history":[{"count":0,"href":"https:\/\/mirtoshikingvillage.com\/de\/wp-json\/wp\/v2\/pages\/212448\/revisions"}],"wp:attachment":[{"href":"https:\/\/mirtoshikingvillage.com\/de\/wp-json\/wp\/v2\/media?parent=212448"}],"curies":[{"name":"wp","href":"https:\/\/api.w.org\/{rel}","templated":true}]}}