{"id":117,"date":"2017-05-08T18:43:29","date_gmt":"2017-05-08T18:43:29","guid":{"rendered":"https:\/\/mirtoshikingvillage.com\/welcome\/"},"modified":"2024-03-02T00:21:14","modified_gmt":"2024-03-01T22:21:14","slug":"welcome","status":"publish","type":"page","link":"https:\/\/mirtoshikingvillage.com\/de\/","title":{"rendered":"Wanderer willkommen"},"content":{"rendered":"<p>[et_pb_section fb_built=&#8220;1&#8243; custom_padding_last_edited=&#8220;on|desktop&#8220; admin_label=&#8220;section&#8220; _builder_version=&#8220;3.22&#8243; background_color=&#8220;rgba(255,255,255,0)&#8220; custom_padding=&#8220;0px|||&#8220; custom_padding_tablet=&#8220;50px|0|50px|0&#8243; custom_padding_phone=&#8220;&#8220; custom_css_main_element=&#8220;background: grey; \/* For browsers that do not support gradients *\/|| background: -webkit-linear-gradient(left, rgba(255,255,255,0.25) , rgba(137,137,137,0)); \/* For Safari 5.1 to 6.0 *\/|| background: -o-linear-gradient(right, rgba(255,255,255,0.25), rgba(137,137,137,0)); \/* For Opera 11.1 to 12.0 *\/|| background: -moz-linear-gradient(right, rgba(255,255,255,0.25), rgba(137,137,137,0)); \/* For Firefox 3.6 to 15 *\/|| background: linear-gradient(to right, rgba(255,255,255,0.25) , rgba(137,137,137,0)); \/* Standard syntax (must be last) *\/|| &#8220; transparent_background=&#8220;on&#8220; padding_mobile=&#8220;off&#8220; make_fullwidth=&#8220;off&#8220; use_custom_width=&#8220;off&#8220; width_unit=&#8220;on&#8220; global_module=&#8220;212436&#8243; global_colors_info=&#8220;{}&#8220;][et_pb_row use_custom_gutter=&#8220;on&#8220; gutter_width=&#8220;1&#8243; _builder_version=&#8220;4.16&#8243; background_size=&#8220;initial&#8220; background_position=&#8220;top_left&#8220; background_repeat=&#8220;repeat&#8220; custom_margin=&#8220;|||0px&#8220; custom_padding=&#8220;||0px|0px&#8220; make_fullwidth=&#8220;off&#8220; use_custom_width=&#8220;off&#8220; width_unit=&#8220;on&#8220; global_colors_info=&#8220;{}&#8220;][et_pb_column type=&#8220;4_4&#8243; _builder_version=&#8220;4.16&#8243; custom_padding=&#8220;|||3%&#8220; global_colors_info=&#8220;{}&#8220; custom_padding__hover=&#8220;|||&#8220;][et_pb_text admin_label=&#8220;top&#8220; _builder_version=&#8220;4.16&#8243; background_size=&#8220;initial&#8220; background_position=&#8220;top_left&#8220; background_repeat=&#8220;repeat&#8220; custom_css_main_element=&#8220;position: fixed;||top: 120px;||right: 11px;||transform: rotate(90deg);&#8220; use_border_color=&#8220;off&#8220; border_color=&#8220;#ffffff&#8220; border_style=&#8220;solid&#8220; global_colors_info=&#8220;{}&#8220;]<\/p>\n<p><span style=\"font-size: 24pt; color: #f3fcf7;\">\u2190<\/span><\/p>\n<p>[\/et_pb_text][et_pb_text admin_label=&#8220;bottom&#8220; _builder_version=&#8220;4.16&#8243; background_size=&#8220;initial&#8220; background_position=&#8220;top_left&#8220; background_repeat=&#8220;repeat&#8220; custom_css_main_element=&#8220;position: fixed;||bottom: 120px;||right: 11px;||transform: rotate(90deg);&#8220; use_border_color=&#8220;off&#8220; border_color=&#8220;#ffffff&#8220; border_style=&#8220;solid&#8220; global_colors_info=&#8220;{}&#8220;]<\/p>\n<p><span style=\"font-size: 24pt; color: #a9cb27;\">\u2192<\/span><\/p>\n<p>[\/et_pb_text][et_pb_image src=&#8220;https:\/\/www.staticdata.nl\/svg\/mirtos-wanderdorf-logo.svg&#8220; align_tablet=&#8220;center&#8220; align_last_edited=&#8220;on|desktop&#8220; _builder_version=&#8220;4.16&#8243; use_border_color=&#8220;off&#8220; border_color=&#8220;#ffffff&#8220; border_style=&#8220;solid&#8220; sticky=&#8220;off&#8220; always_center_on_mobile=&#8220;on&#8220; global_colors_info=&#8220;{}&#8220; align_phone=&#8220;center&#8220;][\/et_pb_image][\/et_pb_column][\/et_pb_row][et_pb_row use_custom_gutter=&#8220;on&#8220; gutter_width=&#8220;1&#8243; padding_mobile=&#8220;off&#8220; column_padding_mobile=&#8220;on&#8220; _builder_version=&#8220;4.16&#8243; background_size=&#8220;initial&#8220; background_position=&#8220;top_left&#8220; background_repeat=&#8220;repeat&#8220; custom_margin=&#8220;-80px|||&#8220; custom_padding=&#8220;0px||0px|&#8220; make_fullwidth=&#8220;off&#8220; use_custom_width=&#8220;off&#8220; width_unit=&#8220;on&#8220; global_colors_info=&#8220;{}&#8220;][et_pb_column type=&#8220;4_4&#8243; _builder_version=&#8220;4.16&#8243; custom_padding=&#8220;|||&#8220; global_colors_info=&#8220;{}&#8220; custom_padding__hover=&#8220;|||&#8220;][et_pb_text _builder_version=&#8220;4.16&#8243; background_size=&#8220;initial&#8220; background_position=&#8220;top_left&#8220; background_repeat=&#8220;repeat&#8220; text_orientation=&#8220;right&#8220; background_layout=&#8220;dark&#8220; custom_margin=&#8220;-20px|||&#8220; use_border_color=&#8220;off&#8220; border_color=&#8220;#ffffff&#8220; border_style=&#8220;solid&#8220; global_colors_info=&#8220;{}&#8220;]<\/p>\n<h1 style=\"text-align: right;\"><span style=\"color: rgba(229, 255, 228, 0.8); font-size: 2.5vw;\">Wandern im S\u00fcden Kretas<\/span><\/h1>\n<p>[\/et_pb_text][\/et_pb_column][\/et_pb_row][\/et_pb_section][et_pb_section fb_built=&#8220;1&#8243; use_custom_gutter=&#8220;on&#8220; gutter_width=&#8220;1&#8243; specialty=&#8220;on&#8220; parallax_method_1=&#8220;off&#8220; parallax_method_2=&#8220;off&#8220; background_color_1=&#8220;rgba(229,255,228,0.8)&#8220; background_color_2=&#8220;rgba(229,255,228,0.8)&#8220; module_class_2=&#8220;plakplaatje&#8220; _builder_version=&#8220;4.16&#8243; background_color=&#8220;rgba(255,255,255,0)&#8220; custom_padding=&#8220;0px|||&#8220; transparent_background=&#8220;on&#8220; make_fullwidth=&#8220;off&#8220; use_custom_width=&#8220;off&#8220; width_unit=&#8220;on&#8220; global_colors_info=&#8220;{}&#8220;][et_pb_column type=&#8220;1_2&#8243; _builder_version=&#8220;4.16&#8243; custom_padding=&#8220;|||&#8220; global_colors_info=&#8220;{}&#8220; custom_padding__hover=&#8220;|||&#8220;][et_pb_post_title meta=&#8220;off&#8220; featured_image=&#8220;off&#8220; _builder_version=&#8220;4.16&#8243; custom_margin=&#8220;-15px|||&#8220; custom_padding=&#8220;0px|3%||3%&#8220; use_border_color=&#8220;off&#8220; border_color=&#8220;#ffffff&#8220; border_style=&#8220;solid&#8220; parallax_effect=&#8220;off&#8220; global_colors_info=&#8220;{}&#8220;][\/et_pb_post_title][et_pb_text _builder_version=&#8220;4.24.2&#8243; background_color=&#8220;rgba(255,255,255,0)&#8220; background_size=&#8220;initial&#8220; background_position=&#8220;top_left&#8220; background_repeat=&#8220;repeat&#8220; custom_padding=&#8220;|3%||3%&#8220; use_border_color=&#8220;off&#8220; border_color=&#8220;#ffffff&#8220; border_style=&#8220;solid&#8220; global_colors_info=&#8220;{}&#8220;]Das Wandern in der Umgebung von Mirtos im S\u00fcden Kretas bedeutet, die Natur, die Stille und die gro\u00dfartige Landschaft zu genie\u00dfen. &#8222;\u00dcberraschend!&#8220; &#8230; &#8222;Was f\u00fcr eine Stille!&#8220; &#8230; &#8222;Was f\u00fcr eine unerwartete Vielfalt!&#8220; Dies sind nur einige der Kommentare unserer G\u00e4ste nach einem Spaziergang in unserer Region.<br \/>\nEs gibt eine reiche Vielfalt an Pflanzen, Kr\u00e4utern und V\u00f6geln, sogar Greifv\u00f6gel.<br \/>\nDie Aussicht auf die Berge und das Meer oder der Besuch eines malerischen Bergdorfes werden in Erinnerung bleiben.<br \/>\nDie beeindruckende Sarakina-Schlucht in den H\u00fcgeln hinter Mirtos ist ein Abenteuer wert.[\/et_pb_text][et_pb_accordion open_toggle_background_color=&#8220;rgba(255,255,255,0.4)&#8220; closed_toggle_background_color=&#8220;rgba(255,255,255,0.2)&#8220; _builder_version=&#8220;4.24.2&#8243; toggle_text_color=&#8220;#a9cb27&#8243; toggle_font_size=&#8220;18&#8243; custom_padding=&#8220;0px|0px|0px|0px&#8220; hover_enabled=&#8220;0&#8243; border_width_all=&#8220;0px&#8220; border_color_all=&#8220;#ffffff&#8220; border_style_all=&#8220;solid&#8220; use_border_color=&#8220;on&#8220; border_color=&#8220;#ffffff&#8220; border_width=&#8220;0px&#8220; border_style=&#8220;solid&#8220; global_colors_info=&#8220;{}&#8220; sticky_enabled=&#8220;0&#8243;][et_pb_accordion_item title=&#8220;Ihr Wanderurlaub beginnt in Mirtos.&#8220; open=&#8220;on&#8220; _builder_version=&#8220;4.24.2&#8243; global_colors_info=&#8220;{}&#8220;]Mirtos liegt im S\u00fcden von Kreta, in einer Region mit vielen M\u00f6glichkeiten zum Wandern. Es ist ein guter Ausgangspunkt f\u00fcr Wanderungen in weiterer Entfernung.[\/et_pb_accordion_item][et_pb_accordion_item title=&#8220;Was bieten wir an?&#8220; _builder_version=&#8220;4.24.2&#8243; global_colors_info=&#8220;{}&#8220; open=&#8220;off&#8220;]<\/p>\n<p>Unsere Angebote richten sich sowohl an G\u00e4ste, die unabh\u00e4ngig wandern m\u00f6chten, als auch an diejenigen, die lieber mit einem Guide wandern. Wir bieten markierte Wege, Wanderarrangements und organisierte Wandertouren.<\/p>\n<p>[\/et_pb_accordion_item][\/et_pb_accordion][et_pb_cta button_url=&#8220;https:\/\/mirtoshikingvillage.com\/de\/wandern-mit-angela\/&#8220; button_text=&#8220;Zusammen mit Angela wandern?&#8220; admin_label=&#8220;walking angela cta&#8220; _builder_version=&#8220;4.24.2&#8243; use_background_color=&#8220;off&#8220; background_size=&#8220;initial&#8220; background_position=&#8220;top_left&#8220; background_repeat=&#8220;repeat&#8220; custom_button=&#8220;on&#8220; button_bg_color=&#8220;#a9cb27&#8243; button_border_width=&#8220;3&#8243; button_border_color=&#8220;rgba(255,255,255,0.7)&#8220; button_border_radius=&#8220;8&#8243; button_icon=&#8220;&#xe08b;||divi||400&#8243; button_icon_color=&#8220;rgba(0,0,0,0)&#8220; custom_padding=&#8220;|3%||3%&#8220; hover_enabled=&#8220;0&#8243; use_border_color=&#8220;off&#8220; border_color=&#8220;#ffffff&#8220; border_style=&#8220;solid&#8220; button_text_color_hover=&#8220;#a9cb27&#8243; button_border_color_hover=&#8220;#a9cb27&#8243; button_border_radius_hover=&#8220;8&#8243; button_letter_spacing_hover=&#8220;0&#8243; button_bg_color_hover=&#8220;rgba(255,255,255,0.7)&#8220; saved_tabs=&#8220;all&#8220; global_colors_info=&#8220;{}&#8220; button_text_size__hover_enabled=&#8220;off&#8220; button_text_size__hover=&#8220;null&#8220; button_one_text_size__hover_enabled=&#8220;off&#8220; button_one_text_size__hover=&#8220;null&#8220; button_two_text_size__hover_enabled=&#8220;off&#8220; button_two_text_size__hover=&#8220;null&#8220; button_text_color__hover_enabled=&#8220;on&#8220; button_text_color__hover=&#8220;#a9cb27&#8243; button_one_text_color__hover_enabled=&#8220;off&#8220; button_one_text_color__hover=&#8220;null&#8220; button_two_text_color__hover_enabled=&#8220;off&#8220; button_two_text_color__hover=&#8220;null&#8220; button_border_width__hover_enabled=&#8220;off&#8220; button_border_width__hover=&#8220;null&#8220; button_one_border_width__hover_enabled=&#8220;off&#8220; button_one_border_width__hover=&#8220;null&#8220; button_two_border_width__hover_enabled=&#8220;off&#8220; button_two_border_width__hover=&#8220;null&#8220; button_border_color__hover_enabled=&#8220;on&#8220; button_border_color__hover=&#8220;#a9cb27&#8243; button_one_border_color__hover_enabled=&#8220;off&#8220; button_one_border_color__hover=&#8220;null&#8220; button_two_border_color__hover_enabled=&#8220;off&#8220; button_two_border_color__hover=&#8220;null&#8220; button_border_radius__hover_enabled=&#8220;on&#8220; button_border_radius__hover=&#8220;8&#8243; button_one_border_radius__hover_enabled=&#8220;off&#8220; button_one_border_radius__hover=&#8220;null&#8220; button_two_border_radius__hover_enabled=&#8220;off&#8220; button_two_border_radius__hover=&#8220;null&#8220; button_letter_spacing__hover_enabled=&#8220;on&#8220; button_letter_spacing__hover=&#8220;0&#8243; button_one_letter_spacing__hover_enabled=&#8220;off&#8220; button_one_letter_spacing__hover=&#8220;null&#8220; button_two_letter_spacing__hover_enabled=&#8220;off&#8220; button_two_letter_spacing__hover=&#8220;null&#8220; button_bg_color__hover_enabled=&#8220;on&#8220; button_bg_color__hover=&#8220;rgba(255,255,255,0.7)&#8220; button_one_bg_color__hover_enabled=&#8220;off&#8220; button_one_bg_color__hover=&#8220;null&#8220; button_two_bg_color__hover_enabled=&#8220;off&#8220; button_two_bg_color__hover=&#8220;null&#8220; custom_margin=&#8220;20px||||false|false&#8220; sticky_enabled=&#8220;0&#8243;][\/et_pb_cta][et_pb_divider show_divider=&#8220;off&#8220; disabled_on=&#8220;|off|on&#8220; _builder_version=&#8220;4.16&#8243; background_size=&#8220;initial&#8220; background_position=&#8220;top_left&#8220; background_repeat=&#8220;repeat&#8220; height=&#8220;30px&#8220; hide_on_mobile=&#8220;off&#8220; global_colors_info=&#8220;{}&#8220;][\/et_pb_divider][\/et_pb_column][et_pb_column type=&#8220;1_2&#8243; specialty_columns=&#8220;2&#8243; _builder_version=&#8220;4.16&#8243; custom_padding=&#8220;|||&#8220; global_colors_info=&#8220;{}&#8220; custom_padding__hover=&#8220;|||&#8220;][et_pb_row_inner use_custom_gutter=&#8220;on&#8220; gutter_width=&#8220;1&#8243; admin_label=&#8220;Row&#8220; _builder_version=&#8220;4.16&#8243; custom_margin=&#8220;0px||0px|&#8220; custom_padding=&#8220;0px||0px|&#8220; global_colors_info=&#8220;{}&#8220;][et_pb_column_inner saved_specialty_column_type=&#8220;1_2&#8243; _builder_version=&#8220;4.16&#8243; custom_padding=&#8220;|||&#8220; global_colors_info=&#8220;{}&#8220; custom_padding__hover=&#8220;|||&#8220;][et_pb_gallery gallery_ids=&#8220;142,143,144,145,146,147,148&#8243; gallery_orderby=&#8220;rand&#8220; posts_number=&#8220;6&#8243; show_title_and_caption=&#8220;off&#8220; show_pagination=&#8220;off&#8220; hover_overlay_color=&#8220;rgba(169,203,39,0.4)&#8220; disabled_on=&#8220;||off&#8220; _builder_version=&#8220;4.16&#8243; use_border_color=&#8220;off&#8220; border_color=&#8220;#ffffff&#8220; border_width=&#8220;2px&#8220; border_style=&#8220;solid&#8220; global_colors_info=&#8220;{}&#8220;][\/et_pb_gallery][\/et_pb_column_inner][\/et_pb_row_inner][\/et_pb_column][\/et_pb_section]<\/p>\n","protected":false},"excerpt":{"rendered":"<p>\u2190\u2192Wandern im S\u00fcden KretasDas Wandern in der Umgebung von Mirtos im S\u00fcden Kretas bedeutet, die Natur, die Stille und die gro\u00dfartige Landschaft zu genie\u00dfen. &#8222;\u00dcberraschend!&#8220; &#8230; &#8222;Was f\u00fcr eine Stille!&#8220; &#8230; &#8222;Was f\u00fcr eine unerwartete Vielfalt!&#8220; Dies sind nur einige der Kommentare unserer G\u00e4ste nach einem Spaziergang in unserer Region. Es gibt eine reiche Vielfalt [&hellip;]<\/p>\n","protected":false},"author":2,"featured_media":0,"parent":0,"menu_order":0,"comment_status":"closed","ping_status":"closed","template":"","meta":{"_et_pb_use_builder":"on","_et_pb_old_content":"","_et_gb_content_width":"","footnotes":""},"class_list":["post-117","page","type-page","status-publish","hentry"],"_links":{"self":[{"href":"https:\/\/mirtoshikingvillage.com\/de\/wp-json\/wp\/v2\/pages\/117","targetHints":{"allow":["GET"]}}],"collection":[{"href":"https:\/\/mirtoshikingvillage.com\/de\/wp-json\/wp\/v2\/pages"}],"about":[{"href":"https:\/\/mirtoshikingvillage.com\/de\/wp-json\/wp\/v2\/types\/page"}],"author":[{"embeddable":true,"href":"https:\/\/mirtoshikingvillage.com\/de\/wp-json\/wp\/v2\/users\/2"}],"replies":[{"embeddable":true,"href":"https:\/\/mirtoshikingvillage.com\/de\/wp-json\/wp\/v2\/comments?post=117"}],"version-history":[{"count":0,"href":"https:\/\/mirtoshikingvillage.com\/de\/wp-json\/wp\/v2\/pages\/117\/revisions"}],"wp:attachment":[{"href":"https:\/\/mirtoshikingvillage.com\/de\/wp-json\/wp\/v2\/media?parent=117"}],"curies":[{"name":"wp","href":"https:\/\/api.w.org\/{rel}","templated":true}]}}